{"id":2837,"date":"2024-12-17T18:24:41","date_gmt":"2024-12-17T17:24:41","guid":{"rendered":"https:\/\/www.fibb.si\/o-nama-de\/"},"modified":"2024-12-17T18:31:57","modified_gmt":"2024-12-17T17:31:57","slug":"uber-uns","status":"publish","type":"page","link":"https:\/\/www.fibb.si\/de\/uber-uns\/","title":{"rendered":"\u00dcBER UNS"},"content":{"rendered":"<div id=\"cs-content\" class=\"cs-content\"><\/div>\n","protected":false},"excerpt":{"rendered":"<p>Die Firma FIBB sistemi d.o.o. ist ein Familienunternehmen mit \u00fcber 40 Jahren Erfahrung im Recycling, in der Verarbeitung und der Herstellung von Kunststoffen, haupts\u00e4chlich aller Arten von PP (Polypropylen) und PE (Polyethylen). Unsere Produkte werden als recycelte Materialien (Regranulate) in der Kunststoffproduktion, f\u00fcr Bauger\u00fcstnetze (Ger\u00fcstschutznetze) und PP-Fasern zur Mikroarmierung von Beton sowie in der Bauindustrie verwendet. Dar\u00fcber hinaus bieten wir &#8230; <a href=\"https:\/\/www.fibb.si\/de\/uber-uns\/\" class=\"more-link\">Read More<\/a><\/p>\n","protected":false},"author":2,"featured_media":0,"parent":0,"menu_order":0,"comment_status":"closed","ping_status":"closed","template":"template-blank-4.php","meta":{"om_disable_all_campaigns":false,"_monsterinsights_skip_tracking":false,"_monsterinsights_sitenote_active":false,"_monsterinsights_sitenote_note":"","_monsterinsights_sitenote_category":0,"footnotes":""},"class_list":["post-2837","page","type-page","status-publish","hentry","no-post-thumbnail"],"aioseo_notices":[],"_links":{"self":[{"href":"https:\/\/www.fibb.si\/de\/wp-json\/wp\/v2\/pages\/2837","targetHints":{"allow":["GET"]}}],"collection":[{"href":"https:\/\/www.fibb.si\/de\/wp-json\/wp\/v2\/pages"}],"about":[{"href":"https:\/\/www.fibb.si\/de\/wp-json\/wp\/v2\/types\/page"}],"author":[{"embeddable":true,"href":"https:\/\/www.fibb.si\/de\/wp-json\/wp\/v2\/users\/2"}],"replies":[{"embeddable":true,"href":"https:\/\/www.fibb.si\/de\/wp-json\/wp\/v2\/comments?post=2837"}],"version-history":[{"count":4,"href":"https:\/\/www.fibb.si\/de\/wp-json\/wp\/v2\/pages\/2837\/revisions"}],"predecessor-version":[{"id":2841,"href":"https:\/\/www.fibb.si\/de\/wp-json\/wp\/v2\/pages\/2837\/revisions\/2841"}],"wp:attachment":[{"href":"https:\/\/www.fibb.si\/de\/wp-json\/wp\/v2\/media?parent=2837"}],"curies":[{"name":"wp","href":"https:\/\/api.w.org\/{rel}","templated":true}]}}