{"id":2842,"date":"2024-12-17T18:58:34","date_gmt":"2024-12-17T17:58:34","guid":{"rendered":"https:\/\/www.fibb.si\/fibbtens-recikaza-plastike-de\/"},"modified":"2025-01-11T19:38:19","modified_gmt":"2025-01-11T18:38:19","slug":"kunststoffrecycling-regranulate","status":"publish","type":"page","link":"https:\/\/www.fibb.si\/de\/kunststoffrecycling-regranulate\/","title":{"rendered":"FIBBTENs Kunststoffrecycling"},"content":{"rendered":"<div id=\"cs-content\" class=\"cs-content\"><\/div>\n","protected":false},"excerpt":{"rendered":"<p>FIBBTENs KunststoffrecyclingPP \u2013 Polypropylen PE \u2013 Polyethylen Andere Kunststoffmaterialien ANKAUF: Kunststoffabf\u00e4lle SORTIERUNG: Sichtpr\u00fcfung und Materialtrennung RECYCLING: Zerkleinern, Waschen, Extrudieren VERPACKUNG: Standardgro\u00dfs\u00e4cke QUALIT\u00c4TSKONTROLLEBEDINGUNGEN UND KONDITIONEN HDPE regranulate Purpose: extrusion, blow moulding MFI (190\u00baC; 5kg): 0,8 &#8211; 1,6g\/10min, filtering-259 \u00b5m Color: black, blue, green, grey, pink HDPE regranulate Purpose: pipes extrusion MFI (190\u00baC; 5kg): 0,5 \u2013 1,0 g\/10 min, filtering \u2013 110 &#8230; <a href=\"https:\/\/www.fibb.si\/de\/kunststoffrecycling-regranulate\/\" class=\"more-link\">Read More<\/a><\/p>\n","protected":false},"author":2,"featured_media":3027,"parent":0,"menu_order":0,"comment_status":"closed","ping_status":"closed","template":"template-blank-4.php","meta":{"om_disable_all_campaigns":false,"_monsterinsights_skip_tracking":false,"_monsterinsights_sitenote_active":false,"_monsterinsights_sitenote_note":"","_monsterinsights_sitenote_category":0,"footnotes":""},"class_list":["post-2842","page","type-page","status-publish","has-post-thumbnail","hentry"],"aioseo_notices":[],"_links":{"self":[{"href":"https:\/\/www.fibb.si\/de\/wp-json\/wp\/v2\/pages\/2842","targetHints":{"allow":["GET"]}}],"collection":[{"href":"https:\/\/www.fibb.si\/de\/wp-json\/wp\/v2\/pages"}],"about":[{"href":"https:\/\/www.fibb.si\/de\/wp-json\/wp\/v2\/types\/page"}],"author":[{"embeddable":true,"href":"https:\/\/www.fibb.si\/de\/wp-json\/wp\/v2\/users\/2"}],"replies":[{"embeddable":true,"href":"https:\/\/www.fibb.si\/de\/wp-json\/wp\/v2\/comments?post=2842"}],"version-history":[{"count":4,"href":"https:\/\/www.fibb.si\/de\/wp-json\/wp\/v2\/pages\/2842\/revisions"}],"predecessor-version":[{"id":2846,"href":"https:\/\/www.fibb.si\/de\/wp-json\/wp\/v2\/pages\/2842\/revisions\/2846"}],"wp:featuredmedia":[{"embeddable":true,"href":"https:\/\/www.fibb.si\/de\/wp-json\/wp\/v2\/media\/3027"}],"wp:attachment":[{"href":"https:\/\/www.fibb.si\/de\/wp-json\/wp\/v2\/media?parent=2842"}],"curies":[{"name":"wp","href":"https:\/\/api.w.org\/{rel}","templated":true}]}}