{"id":2885,"date":"2024-12-18T18:26:54","date_gmt":"2024-12-18T17:26:54","guid":{"rendered":"https:\/\/www.fibb.si\/fibbers-pp-vlakna-de\/"},"modified":"2025-01-07T18:39:05","modified_gmt":"2025-01-07T17:39:05","slug":"fibbers-polypropylenfasern","status":"publish","type":"page","link":"https:\/\/www.fibb.si\/de\/fibbers-polypropylenfasern\/","title":{"rendered":"FIBBERs-polypropylenfasern"},"content":{"rendered":"<div id=\"cs-content\" class=\"cs-content\"><\/div>\n","protected":false},"excerpt":{"rendered":"<p>FIBBERs Polypropylenfasern f\u00fcr die Mikroarmierung von BetonVorteile von FIBBERs-FasernBreites AnwendungsspektrumReduktion von Rissen und Mikroporen im Beton und M\u00f6rtelVerringerung des Elastizit\u00e4tsmoduls (Beton wird elastischer)Reduzierung des Risikos von Entmischung und Blutung des BetonsReduktion der Betonpermeabilit\u00e4tVerringerung der erforderlichen Anzahl von DehnungsfugenErh\u00f6hung der Druck-, Biege- und Zugfestigkeit von BetonVerbesserung der Z\u00e4higkeit, Schlagfestigkeit, K\u00e4ltebest\u00e4ndigkeit, Reibung und AbriebfestigkeitErh\u00f6hung der Best\u00e4ndigkeit gegen die meisten S\u00e4uren und Laugen &#8230; <a href=\"https:\/\/www.fibb.si\/de\/fibbers-polypropylenfasern\/\" class=\"more-link\">Read More<\/a><\/p>\n","protected":false},"author":2,"featured_media":3041,"parent":0,"menu_order":0,"comment_status":"closed","ping_status":"closed","template":"template-blank-4.php","meta":{"om_disable_all_campaigns":false,"_monsterinsights_skip_tracking":false,"_monsterinsights_sitenote_active":false,"_monsterinsights_sitenote_note":"","_monsterinsights_sitenote_category":0,"footnotes":""},"class_list":["post-2885","page","type-page","status-publish","has-post-thumbnail","hentry"],"aioseo_notices":[],"_links":{"self":[{"href":"https:\/\/www.fibb.si\/de\/wp-json\/wp\/v2\/pages\/2885","targetHints":{"allow":["GET"]}}],"collection":[{"href":"https:\/\/www.fibb.si\/de\/wp-json\/wp\/v2\/pages"}],"about":[{"href":"https:\/\/www.fibb.si\/de\/wp-json\/wp\/v2\/types\/page"}],"author":[{"embeddable":true,"href":"https:\/\/www.fibb.si\/de\/wp-json\/wp\/v2\/users\/2"}],"replies":[{"embeddable":true,"href":"https:\/\/www.fibb.si\/de\/wp-json\/wp\/v2\/comments?post=2885"}],"version-history":[{"count":8,"href":"https:\/\/www.fibb.si\/de\/wp-json\/wp\/v2\/pages\/2885\/revisions"}],"predecessor-version":[{"id":2953,"href":"https:\/\/www.fibb.si\/de\/wp-json\/wp\/v2\/pages\/2885\/revisions\/2953"}],"wp:featuredmedia":[{"embeddable":true,"href":"https:\/\/www.fibb.si\/de\/wp-json\/wp\/v2\/media\/3041"}],"wp:attachment":[{"href":"https:\/\/www.fibb.si\/de\/wp-json\/wp\/v2\/media?parent=2885"}],"curies":[{"name":"wp","href":"https:\/\/api.w.org\/{rel}","templated":true}]}}