{"id":2914,"date":"2024-12-22T07:44:36","date_gmt":"2024-12-22T06:44:36","guid":{"rendered":"https:\/\/www.fibb.si\/kontakt-de\/"},"modified":"2024-12-22T12:31:15","modified_gmt":"2024-12-22T11:31:15","slug":"kontakt-2","status":"publish","type":"page","link":"https:\/\/www.fibb.si\/de\/kontakt-2\/","title":{"rendered":"Kontakt"},"content":{"rendered":"<div id=\"cs-content\" class=\"cs-content\"><\/div>\n","protected":false},"excerpt":{"rendered":"<p>FIBB sistemi, d.o.o., Velika Stara vas 13B, 1290 Grosuplje, Slowenien USt-IdNr.: SI82089787, Firmen-Nr.: 6464386000 B\u00fcro: Kolodvorska 2, 1290 Grosuplje, Sloweinen Bla\u017e Glavi\u010d Gesch\u00e4ftsf\u00fchrer E-mail: info@fibb.si Mobil: +386 51 341 067 Franc Glavi\u010d Eigent\u00fcmer E-mail: info@fibb.si Mobil: +386 41 292 217 Twitter KONTAKTFORMULAR Name * E-mail * Nachricht * Mit dem Absenden des Formulars stimmen Sie derVerarbeitung Ihrer pers\u00f6nlichen Daten zu.<\/p>\n","protected":false},"author":2,"featured_media":0,"parent":0,"menu_order":0,"comment_status":"closed","ping_status":"closed","template":"template-blank-4.php","meta":{"om_disable_all_campaigns":false,"_monsterinsights_skip_tracking":false,"_monsterinsights_sitenote_active":false,"_monsterinsights_sitenote_note":"","_monsterinsights_sitenote_category":0,"footnotes":""},"class_list":["post-2914","page","type-page","status-publish","hentry","no-post-thumbnail"],"aioseo_notices":[],"_links":{"self":[{"href":"https:\/\/www.fibb.si\/de\/wp-json\/wp\/v2\/pages\/2914","targetHints":{"allow":["GET"]}}],"collection":[{"href":"https:\/\/www.fibb.si\/de\/wp-json\/wp\/v2\/pages"}],"about":[{"href":"https:\/\/www.fibb.si\/de\/wp-json\/wp\/v2\/types\/page"}],"author":[{"embeddable":true,"href":"https:\/\/www.fibb.si\/de\/wp-json\/wp\/v2\/users\/2"}],"replies":[{"embeddable":true,"href":"https:\/\/www.fibb.si\/de\/wp-json\/wp\/v2\/comments?post=2914"}],"version-history":[{"count":5,"href":"https:\/\/www.fibb.si\/de\/wp-json\/wp\/v2\/pages\/2914\/revisions"}],"predecessor-version":[{"id":2991,"href":"https:\/\/www.fibb.si\/de\/wp-json\/wp\/v2\/pages\/2914\/revisions\/2991"}],"wp:attachment":[{"href":"https:\/\/www.fibb.si\/de\/wp-json\/wp\/v2\/media?parent=2914"}],"curies":[{"name":"wp","href":"https:\/\/api.w.org\/{rel}","templated":true}]}}