{"id":2925,"date":"2024-12-22T07:59:04","date_gmt":"2024-12-22T06:59:04","guid":{"rendered":"https:\/\/www.fibb.si\/domov-de\/"},"modified":"2025-01-07T17:11:15","modified_gmt":"2025-01-07T16:11:15","slug":"startseite","status":"publish","type":"page","link":"https:\/\/www.fibb.si\/de\/","title":{"rendered":"Startseite"},"content":{"rendered":"<div id=\"cs-content\" class=\"cs-content\"><\/div>\n","protected":false},"excerpt":{"rendered":"<p>UNSER ANGEBOTKUNSTSTOFFRECYCLINGFIBBNETsGER\u00dcSTSCHUTZNETZEFIBBTENsPP-FASERNFIBBERsVERPACKUNG UND VERPACKUNG MATERIALFIBBPACKsNACHFRAGE NACH PRODUKTENWO SIE UNS FINDEN K\u00d6NNENWir freuen uns auf Ihre Anfrage. KONTAKTIEREN SIE UNSB\u00fcro: Kolodvorska 2, 1290 Grosuplje, SlowenienKONTAKT M: +386 51 341 067 (Bla\u017e) M: +386 41 292 217 (Franc) F: +386 1 78 65 992 E: info@fibb.si FOLGEN SIE UNS:<\/p>\n","protected":false},"author":2,"featured_media":3022,"parent":0,"menu_order":0,"comment_status":"closed","ping_status":"closed","template":"template-blank-4.php","meta":{"om_disable_all_campaigns":false,"_monsterinsights_skip_tracking":false,"_monsterinsights_sitenote_active":false,"_monsterinsights_sitenote_note":"","_monsterinsights_sitenote_category":0,"footnotes":""},"class_list":["post-2925","page","type-page","status-publish","has-post-thumbnail","hentry"],"aioseo_notices":[],"_links":{"self":[{"href":"https:\/\/www.fibb.si\/de\/wp-json\/wp\/v2\/pages\/2925","targetHints":{"allow":["GET"]}}],"collection":[{"href":"https:\/\/www.fibb.si\/de\/wp-json\/wp\/v2\/pages"}],"about":[{"href":"https:\/\/www.fibb.si\/de\/wp-json\/wp\/v2\/types\/page"}],"author":[{"embeddable":true,"href":"https:\/\/www.fibb.si\/de\/wp-json\/wp\/v2\/users\/2"}],"replies":[{"embeddable":true,"href":"https:\/\/www.fibb.si\/de\/wp-json\/wp\/v2\/comments?post=2925"}],"version-history":[{"count":9,"href":"https:\/\/www.fibb.si\/de\/wp-json\/wp\/v2\/pages\/2925\/revisions"}],"predecessor-version":[{"id":2955,"href":"https:\/\/www.fibb.si\/de\/wp-json\/wp\/v2\/pages\/2925\/revisions\/2955"}],"wp:featuredmedia":[{"embeddable":true,"href":"https:\/\/www.fibb.si\/de\/wp-json\/wp\/v2\/media\/3022"}],"wp:attachment":[{"href":"https:\/\/www.fibb.si\/de\/wp-json\/wp\/v2\/media?parent=2925"}],"curies":[{"name":"wp","href":"https:\/\/api.w.org\/{rel}","templated":true}]}}