{"id":2956,"date":"2024-12-22T10:21:41","date_gmt":"2024-12-22T09:21:41","guid":{"rendered":"https:\/\/www.fibb.si\/splosni-pogoji-nemscina\/"},"modified":"2024-12-22T10:22:45","modified_gmt":"2024-12-22T09:22:45","slug":"allgemeine-geschaftsbedingungen","status":"publish","type":"page","link":"https:\/\/www.fibb.si\/de\/allgemeine-geschaftsbedingungen\/","title":{"rendered":"ALLGEMEINE GESCH\u00c4FTSBEDINGUNGEN"},"content":{"rendered":"<div id=\"cs-content\" class=\"cs-content\"><\/div>\n","protected":false},"excerpt":{"rendered":"<p>ALLGEMEINE GESCH\u00c4FTSBEDINGUNGEN \u2013 FIBB sistemi d.o.o. I. Geltungsbereich Diese allgemeinen Gesch\u00e4ftsbedingungen gelten f\u00fcr alle Lieferungen und Leistungen, die von FIBB sistemi d.o.o. als Verk\u00e4ufer erbracht werden. Der Vertragspartner erkennt sie durch Unterzeichnung des Vertrags oder durch Annahme, ohne Widerspruch zu erheben, an. Im Falle eines m\u00fcndlichen Vertrags werden sie durch Annahme der Waren oder Dienstleistungen ohne Widerspruch anerkannt. Abweichungen von &#8230; <a href=\"https:\/\/www.fibb.si\/de\/allgemeine-geschaftsbedingungen\/\" class=\"more-link\">Read More<\/a><\/p>\n","protected":false},"author":2,"featured_media":0,"parent":0,"menu_order":0,"comment_status":"closed","ping_status":"closed","template":"template-blank-1.php","meta":{"om_disable_all_campaigns":false,"_monsterinsights_skip_tracking":false,"_monsterinsights_sitenote_active":false,"_monsterinsights_sitenote_note":"","_monsterinsights_sitenote_category":0,"footnotes":""},"class_list":["post-2956","page","type-page","status-publish","hentry","no-post-thumbnail"],"aioseo_notices":[],"_links":{"self":[{"href":"https:\/\/www.fibb.si\/de\/wp-json\/wp\/v2\/pages\/2956","targetHints":{"allow":["GET"]}}],"collection":[{"href":"https:\/\/www.fibb.si\/de\/wp-json\/wp\/v2\/pages"}],"about":[{"href":"https:\/\/www.fibb.si\/de\/wp-json\/wp\/v2\/types\/page"}],"author":[{"embeddable":true,"href":"https:\/\/www.fibb.si\/de\/wp-json\/wp\/v2\/users\/2"}],"replies":[{"embeddable":true,"href":"https:\/\/www.fibb.si\/de\/wp-json\/wp\/v2\/comments?post=2956"}],"version-history":[{"count":4,"href":"https:\/\/www.fibb.si\/de\/wp-json\/wp\/v2\/pages\/2956\/revisions"}],"predecessor-version":[{"id":2960,"href":"https:\/\/www.fibb.si\/de\/wp-json\/wp\/v2\/pages\/2956\/revisions\/2960"}],"wp:attachment":[{"href":"https:\/\/www.fibb.si\/de\/wp-json\/wp\/v2\/media?parent=2956"}],"curies":[{"name":"wp","href":"https:\/\/api.w.org\/{rel}","templated":true}]}}