{"id":2975,"date":"2024-12-22T12:00:13","date_gmt":"2024-12-22T11:00:13","guid":{"rendered":"https:\/\/www.fibb.si\/povprasevanje-nemscina\/"},"modified":"2024-12-22T12:02:08","modified_gmt":"2024-12-22T11:02:08","slug":"anfrage","status":"publish","type":"page","link":"https:\/\/www.fibb.si\/de\/anfrage\/","title":{"rendered":"ANFRAGE"},"content":{"rendered":"<div id=\"cs-content\" class=\"cs-content\"><\/div>\n","protected":false},"excerpt":{"rendered":"<p>senden Sie eine Anfrage E-Mail-Adresse Name und Vorname * Unternehmen Email * Telefon Ich interessiere mich f\u00fcr: FIBBNETs Netzwerke FIBBTENs Regranulate FIBBERs PP-Fasern FIBBPACKs Verpackung und Verpackungsmaterial Nachricht Mit dem Absenden des Formulars stimmen Sie der Verarbeitung Ihrer pers\u00f6nlichen Daten zu. B\u00fcro: Kolodvorska 2, 1290 Grosuplje, SlowenienKONTAKT M: +386 51 341 067 (Bla\u017e) M: +386 41 292 217 (Franc) F: &#8230; <a href=\"https:\/\/www.fibb.si\/de\/anfrage\/\" class=\"more-link\">Read More<\/a><\/p>\n","protected":false},"author":2,"featured_media":0,"parent":0,"menu_order":0,"comment_status":"closed","ping_status":"closed","template":"template-blank-4.php","meta":{"om_disable_all_campaigns":false,"_monsterinsights_skip_tracking":false,"_monsterinsights_sitenote_active":false,"_monsterinsights_sitenote_note":"","_monsterinsights_sitenote_category":0,"footnotes":""},"class_list":["post-2975","page","type-page","status-publish","hentry","no-post-thumbnail"],"aioseo_notices":[],"_links":{"self":[{"href":"https:\/\/www.fibb.si\/de\/wp-json\/wp\/v2\/pages\/2975","targetHints":{"allow":["GET"]}}],"collection":[{"href":"https:\/\/www.fibb.si\/de\/wp-json\/wp\/v2\/pages"}],"about":[{"href":"https:\/\/www.fibb.si\/de\/wp-json\/wp\/v2\/types\/page"}],"author":[{"embeddable":true,"href":"https:\/\/www.fibb.si\/de\/wp-json\/wp\/v2\/users\/2"}],"replies":[{"embeddable":true,"href":"https:\/\/www.fibb.si\/de\/wp-json\/wp\/v2\/comments?post=2975"}],"version-history":[{"count":4,"href":"https:\/\/www.fibb.si\/de\/wp-json\/wp\/v2\/pages\/2975\/revisions"}],"predecessor-version":[{"id":2982,"href":"https:\/\/www.fibb.si\/de\/wp-json\/wp\/v2\/pages\/2975\/revisions\/2982"}],"wp:attachment":[{"href":"https:\/\/www.fibb.si\/de\/wp-json\/wp\/v2\/media?parent=2975"}],"curies":[{"name":"wp","href":"https:\/\/api.w.org\/{rel}","templated":true}]}}