{"id":2009,"date":"2020-05-28T19:17:07","date_gmt":"2020-05-28T17:17:07","guid":{"rendered":"https:\/\/www.fibb.si\/general-terms\/"},"modified":"2023-11-22T12:29:17","modified_gmt":"2023-11-22T11:29:17","slug":"general-terms","status":"publish","type":"page","link":"https:\/\/www.fibb.si\/en\/general-terms\/","title":{"rendered":"GENERAL TERMS"},"content":{"rendered":"<p><strong>SPLO\u0160NI POGOJI POSLOVANJA &#8211; FIBB sistemi d.o.o.<\/strong><\/p>\n<p><strong>I.<\/strong><strong>Podro\u010dje veljavnosti<\/strong><\/p>\n<p>1.Naslednji splo\u0161ni pogoji poslovanja veljajo za vse dobave in storitve, ki jih opravi<\/p>\n<p>FIBB sistemi d.o.o. kot prodajalec. Sopogodbenik jih s podpisom pogodbe ali njihovim sprejemom, ne da bi jih ugovarjal, v primeru, da ni sklenjena pisna pogodba pa s sprejemom blaga ali storitev, ne da bi jim ugovarjal (izv\u0161itev pogodbe), priznava tudi za morebitne nadaljnje posle med strankama.<\/p>\n<p>2.Odstopanje od teh splo\u0161nih pogojev poslovanja, kakor tudi od posebnih pogojev ali drugih podobnih dokumentov je mo\u017eno le, \u010de je to odstopanje priznano s podpisom prodajalca.<\/p>\n<p><strong>II.<\/strong><strong>Ponudba in sprejetje ponudbe<\/strong><\/p>\n<p>1.\u010ce v ponudbi ni druga\u010de opredeljeno, ponudba velja 14 dni. Ponudba je neobvezujo\u010da, razen \u010de to ni posebej dolo\u010deno.<\/p>\n<p>2.Pogodba velja za sprejeto in obvezujo\u010do, ko je le ta potrjena s podpisom prodajalca in kupca.<\/p>\n<p><strong>III. Naro\u010dilo<\/strong><\/p>\n<p>1.Kupec daje prodajalcu naro\u010dila blaga pisno. Naro\u010dilo mora vsebovati vse elemente, ki so na ponudbi ter druge pogoje, ki so prodajalcu potrebni za pravilno in nemoteno izvedbo.<\/p>\n<p>2.Naro\u010dilo kupca je prejeto takrat, ko ga prodajalec pisno potrdi. Za pisno potrditev \u0161teje tudi potrditev po e-mailu. Vsi nadaljnji pogovori med prodajalcem in kupcem (po telefonu, telefaksu, e-po\u0161ti ali usti dogovori) kakor tudi kasnej\u0161e spremembe in dopolnitve teh dogovorov so mo\u017eni in se smatrajo kot potrjeni.<\/p>\n<p>3.\u010ce kupec odstopi od naro\u010dila, potem ko ga prodajalec pisno potrdil, mora poravnati vse stro\u0161ke, ki so nastali v zvezi z naro\u010dilom.<\/p>\n<p><strong>IV.<\/strong><strong>Potrditev naro\u010dila<\/strong><\/p>\n<p>1.Prodajalec potrdi naro\u010dilo kupcu najkasneje v 3 delovnih dneh od prejema naro\u010dila.<\/p>\n<p>\u010ce kupec v roku 3 dni od prejetja potrditve naro\u010dila pisno ne zahteva sprememb ali od naro\u010dila odstopi, se smatra, da se strinja s pogoji iz potrditve naro\u010dila.<\/p>\n<p><strong>V.<\/strong><strong>Cene<\/strong><\/p>\n<p>1.Vse cene so, kolikor ni navedeno druga\u010de, v EUR brez DDV. Veljajo le za posami\u010dno predmetno naro\u010dilo. Podjetje FIBB sistemi d.o.o. si pridru\u017euje pravico zvi\u0161ati prodajne<\/p>\n<p>cene v primeru nenadnega dviga cen surovin, transportnih stro\u0161kov, valutnih te\u010dajev in drugih stro\u0161kov; tudi v primeru potrjenih prodajnih cen, in sicer v enakem razmerju kot so se zvi\u0161ali stro\u0161ki.<\/p>\n<p><strong>VI.<\/strong><strong>Industrijska lastnina in avtorske pravice<\/strong><\/p>\n<p>1.Vsi na\u010drti in predmeti, ki so bili izdelani s strani proizvajalca ali za proizvajalca, ostanejo v lasti proizvajalca, tudi v primeru, \u010de je kupec pla\u010dal stro\u0161ke le-teh.<\/p>\n<p>2.V primeru, da so kr\u0161ene avtorske pravice ali industrijska lastnina kot posledica s strani kupca poslanih podatkov, kupec sprejema vso odgovornost in morebitne zahteve iz tega naslova nase.<\/p>\n<p><strong>VII. Lastninska pravica<\/strong><\/p>\n<p>1.Prodajalec si pridru\u017euje lastninsko pravico nad izro\u010denim blagom vse dotlej, dokler kupec kupnine ne poravna v celoti.<\/p>\n<p><strong>VIII. Dobava<\/strong><\/p>\n<p>1.Za porazdelitev stro\u0161kov prevoza in prehod nevarnosti velja zadna verzija INCOTERMS pogojev na dan odpreme blaga.<\/p>\n<p>2.Prodajalec si bo prizadeval, da bo blago dostavil v dogovorjenem dobavnem roku.<\/p>\n<p>V kolikor so potrebna \u0161e kak\u0161na dodatna pojasnila oz. dopolnitve glede naro\u010dila ali dobave, dobavni rok pri\u010dne te\u010di, ko prodajalec prejme in potrdi pojasnjene oz. popolnjene podatke.<\/p>\n<p>3.Dobavni rok se \u0161teje, da je izpolnjen, \u010de prodajalec odpo\u0161lje blago \u0161e zadnji dan dogovorjenega dobavnega roka.<\/p>\n<p>4.V primeru vi\u0161je sile, kot so naravne katastrofe, motnje v proizvodnji, stavke, pomanjkanja blaga ali surovin pri proizvajal\u010devem dobavitelju, se prodajalec odvezuje od dogovorjenega dobavnega roka. V takih primerih kupec ni upravi\u010den do nadomestila mo\u017enih nastalih stro\u0161kov. Nadomestilo mo\u017enih nastalih stro\u0161kov je mo\u017eno v namere ali hude malomarnosti.<\/p>\n<p>5.Kupec ne more odstopiti od pogodbe pred iztekom dobavnega roka.<\/p>\n<p><strong>IX.<\/strong><strong>Skladi\u0161\u010denje izdelkov \/ rok uporabe<\/strong><\/p>\n<p>1.Izdelke je potrebno skladi\u0161\u010diti v skuhem porostru pri temperaturi med 15 \u2070C in 25 \u2070C ter vla\u017enostjo do 65%. Izdelek ne sme biti izpostavljen direktnim vplivom okolja (sonce, voda, sneg\u2026).<\/p>\n<p><strong>X.<\/strong><strong>Reklamacije<\/strong><\/p>\n<p>1.Ob prevzemu blaga je kupec dol\u017ean preveriti koli\u010dino in kakovost dobavljenega blaga ter s podpisom potrditi prejem blaga.<\/p>\n<p>2.V kolikor blago odstopa od naro\u010denega je kupce dol\u017ean pisno reklamirati blago v 8 (osmih) dneh od prejema blaga.<\/p>\n<p><strong>XI.<\/strong><strong>Pla\u010dilo<\/strong><\/p>\n<p>1.Ra\u010dun je poravnan, ko banka obvesti prodajalca, da je denar nakazan ali ko kupec prodajalcu po\u0161lje SWIFT potrdilo o pla\u010dilu.<\/p>\n<p>2.\u010ce kupec svoje obveznosti ne poravna v dogovorjenem roku, lahko prodajalec ustavi dobavo blaga vse do popolne poravnave obveznosti s strani kupca.<\/p>\n<p>3.Morebitne stro\u0161ke izterjave pla\u010da kupec.<\/p>\n<p><strong>XII. Re\u0161evanje sporov<\/strong><\/p>\n<p>Stranki re\u0161ujeta medsebojne spore sporazumno, \u010de to ni mogo\u010de, je za to pristojno<\/p>\n<p>Okro\u017eno sodi\u0161\u010de v Ljubljani.<\/p>\n","protected":false},"excerpt":{"rendered":"<p>SPLO\u0160NI POGOJI POSLOVANJA &#8211; FIBB sistemi d.o.o. I.Podro\u010dje veljavnosti 1.Naslednji splo\u0161ni pogoji poslovanja veljajo za vse dobave in storitve, ki jih opravi FIBB sistemi d.o.o. kot prodajalec. Sopogodbenik jih s podpisom pogodbe ali njihovim sprejemom, ne da bi jih ugovarjal, v primeru, da ni sklenjena pisna pogodba pa s sprejemom blaga ali storitev, ne da bi jim ugovarjal (izv\u0161itev pogodbe), &#8230; <a href=\"https:\/\/www.fibb.si\/en\/general-terms\/\" class=\"more-link\">Read More<\/a><\/p>\n","protected":false},"author":2,"featured_media":0,"parent":0,"menu_order":0,"comment_status":"closed","ping_status":"closed","template":"template-blank-1.php","meta":{"om_disable_all_campaigns":false,"_monsterinsights_skip_tracking":false,"_monsterinsights_sitenote_active":false,"_monsterinsights_sitenote_note":"","_monsterinsights_sitenote_category":0,"footnotes":""},"class_list":["post-2009","page","type-page","status-publish","hentry","no-post-thumbnail"],"aioseo_notices":[],"_links":{"self":[{"href":"https:\/\/www.fibb.si\/en\/wp-json\/wp\/v2\/pages\/2009","targetHints":{"allow":["GET"]}}],"collection":[{"href":"https:\/\/www.fibb.si\/en\/wp-json\/wp\/v2\/pages"}],"about":[{"href":"https:\/\/www.fibb.si\/en\/wp-json\/wp\/v2\/types\/page"}],"author":[{"embeddable":true,"href":"https:\/\/www.fibb.si\/en\/wp-json\/wp\/v2\/users\/2"}],"replies":[{"embeddable":true,"href":"https:\/\/www.fibb.si\/en\/wp-json\/wp\/v2\/comments?post=2009"}],"version-history":[{"count":9,"href":"https:\/\/www.fibb.si\/en\/wp-json\/wp\/v2\/pages\/2009\/revisions"}],"predecessor-version":[{"id":2508,"href":"https:\/\/www.fibb.si\/en\/wp-json\/wp\/v2\/pages\/2009\/revisions\/2508"}],"wp:attachment":[{"href":"https:\/\/www.fibb.si\/en\/wp-json\/wp\/v2\/media?parent=2009"}],"curies":[{"name":"wp","href":"https:\/\/api.w.org\/{rel}","templated":true}]}}