{"id":2820,"date":"2024-02-28T18:05:33","date_gmt":"2024-02-28T17:05:33","guid":{"rendered":"https:\/\/www.fibb.si\/novice\/"},"modified":"2025-06-27T13:27:11","modified_gmt":"2025-06-27T11:27:11","slug":"novice","status":"publish","type":"page","link":"https:\/\/www.fibb.si\/en\/novice\/","title":{"rendered":"Novice"},"content":{"rendered":"<div id=\"cs-content\" class=\"cs-content\"><\/div>\n","protected":false},"excerpt":{"rendered":"<p>Obvestila Seznanite se z najnovej\u0161imi informacijami o podjetju FIBB d.o.o. March 6, 2024 2022 Boniteta odli\u010dnosti (Angle\u0161\u010dina)Poglej ve\u010d March 6, 2024 Boniteta odli\u010dnosti 2023Poglej ve\u010d January 10, 2023 2022 &#8211; Gold CreditworhinessPoglej ve\u010dVe\u010d prispevkov<\/p>\n","protected":false},"author":2,"featured_media":0,"parent":0,"menu_order":0,"comment_status":"closed","ping_status":"closed","template":"template-blank-4.php","meta":{"om_disable_all_campaigns":false,"_monsterinsights_skip_tracking":false,"_monsterinsights_sitenote_active":false,"_monsterinsights_sitenote_note":"","_monsterinsights_sitenote_category":0,"footnotes":""},"class_list":["post-2820","page","type-page","status-publish","hentry","no-post-thumbnail"],"aioseo_notices":[],"_links":{"self":[{"href":"https:\/\/www.fibb.si\/en\/wp-json\/wp\/v2\/pages\/2820","targetHints":{"allow":["GET"]}}],"collection":[{"href":"https:\/\/www.fibb.si\/en\/wp-json\/wp\/v2\/pages"}],"about":[{"href":"https:\/\/www.fibb.si\/en\/wp-json\/wp\/v2\/types\/page"}],"author":[{"embeddable":true,"href":"https:\/\/www.fibb.si\/en\/wp-json\/wp\/v2\/users\/2"}],"replies":[{"embeddable":true,"href":"https:\/\/www.fibb.si\/en\/wp-json\/wp\/v2\/comments?post=2820"}],"version-history":[{"count":6,"href":"https:\/\/www.fibb.si\/en\/wp-json\/wp\/v2\/pages\/2820\/revisions"}],"predecessor-version":[{"id":3267,"href":"https:\/\/www.fibb.si\/en\/wp-json\/wp\/v2\/pages\/2820\/revisions\/3267"}],"wp:attachment":[{"href":"https:\/\/www.fibb.si\/en\/wp-json\/wp\/v2\/media?parent=2820"}],"curies":[{"name":"wp","href":"https:\/\/api.w.org\/{rel}","templated":true}]}}