{"id":2545,"date":"2024-02-28T09:17:15","date_gmt":"2024-02-28T08:17:15","guid":{"rendered":"https:\/\/www.fibb.si\/about-us-hr\/"},"modified":"2024-02-28T15:51:16","modified_gmt":"2024-02-28T14:51:16","slug":"o-nama","status":"publish","type":"page","link":"https:\/\/www.fibb.si\/hr\/o-nama\/","title":{"rendered":"O NAMA"},"content":{"rendered":"<div id=\"cs-content\" class=\"cs-content\"><\/div>\n","protected":false},"excerpt":{"rendered":"<p>FIBB sistemi d.o.o. je obiteljsko poduze\u0107e s vi\u0161e od 40 godina iskustva u recikliranju, preradi i proizvodnji plastike, uglavnom svih vrsta PP (polipropilen) i PE (polietilen). Na\u0161i proizvodi koriste se kao reciklirani materijali (regranulati) u proizvodnji plastike, mre\u017ee (platna) za skela i PP vlakna za mikroarmiranje betona pa u gra\u0111evini. Osim toga, nudimo razli\u010dite druge materijale za pakiranje i ambala\u017eu, &#8230; <a href=\"https:\/\/www.fibb.si\/hr\/o-nama\/\" class=\"more-link\">Read More<\/a><\/p>\n","protected":false},"author":2,"featured_media":0,"parent":0,"menu_order":0,"comment_status":"closed","ping_status":"closed","template":"template-blank-4.php","meta":{"om_disable_all_campaigns":false,"_monsterinsights_skip_tracking":false,"_monsterinsights_sitenote_active":false,"_monsterinsights_sitenote_note":"","_monsterinsights_sitenote_category":0,"footnotes":""},"class_list":["post-2545","page","type-page","status-publish","hentry","no-post-thumbnail"],"aioseo_notices":[],"_links":{"self":[{"href":"https:\/\/www.fibb.si\/hr\/wp-json\/wp\/v2\/pages\/2545","targetHints":{"allow":["GET"]}}],"collection":[{"href":"https:\/\/www.fibb.si\/hr\/wp-json\/wp\/v2\/pages"}],"about":[{"href":"https:\/\/www.fibb.si\/hr\/wp-json\/wp\/v2\/types\/page"}],"author":[{"embeddable":true,"href":"https:\/\/www.fibb.si\/hr\/wp-json\/wp\/v2\/users\/2"}],"replies":[{"embeddable":true,"href":"https:\/\/www.fibb.si\/hr\/wp-json\/wp\/v2\/comments?post=2545"}],"version-history":[{"count":4,"href":"https:\/\/www.fibb.si\/hr\/wp-json\/wp\/v2\/pages\/2545\/revisions"}],"predecessor-version":[{"id":2549,"href":"https:\/\/www.fibb.si\/hr\/wp-json\/wp\/v2\/pages\/2545\/revisions\/2549"}],"wp:attachment":[{"href":"https:\/\/www.fibb.si\/hr\/wp-json\/wp\/v2\/media?parent=2545"}],"curies":[{"name":"wp","href":"https:\/\/api.w.org\/{rel}","templated":true}]}}