{"id":2557,"date":"2024-02-28T09:43:08","date_gmt":"2024-02-28T08:43:08","guid":{"rendered":"https:\/\/www.fibb.si\/pp-regranulati-hr\/"},"modified":"2025-05-29T10:56:17","modified_gmt":"2025-05-29T08:56:17","slug":"pp-polipropilen-regranulati","status":"publish","type":"page","link":"https:\/\/www.fibb.si\/hr\/pp-polipropilen-regranulati\/","title":{"rendered":"PP REGRANULATI"},"content":{"rendered":"<div id=\"cs-content\" class=\"cs-content\"><\/div>\n","protected":false},"excerpt":{"rendered":"<p>PP &#8211; polipropilen regranulati postaju sveprisutni polimer zbog svojih raznolikih karakteristika. Materijal je \u010dvrst, izdr\u017eljiv i otporan na ve\u0107inu kemikalija. PP ima najmanju specifi\u010dnu te\u017einu (najlak\u0161i je) i zadr\u017eava oblik i \u010dvrsto\u0107u \u010dak do 100\u00b0C. Posjeduje izuzetno \u0161irok spektar primjene i mo\u017ee se obraditi pomo\u0107u gotovo svih poznatih tehnika. PP regranulat dostupan je pod robnom markom FIBBTENs u crnoj, sivoj, &#8230; <a href=\"https:\/\/www.fibb.si\/hr\/pp-polipropilen-regranulati\/\" class=\"more-link\">Read More<\/a><\/p>\n","protected":false},"author":2,"featured_media":0,"parent":0,"menu_order":0,"comment_status":"closed","ping_status":"closed","template":"template-blank-4.php","meta":{"om_disable_all_campaigns":false,"_monsterinsights_skip_tracking":false,"_monsterinsights_sitenote_active":false,"_monsterinsights_sitenote_note":"","_monsterinsights_sitenote_category":0,"footnotes":""},"class_list":["post-2557","page","type-page","status-publish","hentry","no-post-thumbnail"],"aioseo_notices":[],"_links":{"self":[{"href":"https:\/\/www.fibb.si\/hr\/wp-json\/wp\/v2\/pages\/2557","targetHints":{"allow":["GET"]}}],"collection":[{"href":"https:\/\/www.fibb.si\/hr\/wp-json\/wp\/v2\/pages"}],"about":[{"href":"https:\/\/www.fibb.si\/hr\/wp-json\/wp\/v2\/types\/page"}],"author":[{"embeddable":true,"href":"https:\/\/www.fibb.si\/hr\/wp-json\/wp\/v2\/users\/2"}],"replies":[{"embeddable":true,"href":"https:\/\/www.fibb.si\/hr\/wp-json\/wp\/v2\/comments?post=2557"}],"version-history":[{"count":11,"href":"https:\/\/www.fibb.si\/hr\/wp-json\/wp\/v2\/pages\/2557\/revisions"}],"predecessor-version":[{"id":3060,"href":"https:\/\/www.fibb.si\/hr\/wp-json\/wp\/v2\/pages\/2557\/revisions\/3060"}],"wp:attachment":[{"href":"https:\/\/www.fibb.si\/hr\/wp-json\/wp\/v2\/media?parent=2557"}],"curies":[{"name":"wp","href":"https:\/\/api.w.org\/{rel}","templated":true}]}}