{"id":2560,"date":"2024-02-28T09:46:49","date_gmt":"2024-02-28T08:46:49","guid":{"rendered":"https:\/\/www.fibb.si\/o-materialih-hr\/"},"modified":"2025-01-07T18:25:30","modified_gmt":"2025-01-07T17:25:30","slug":"o-materijalima","status":"publish","type":"page","link":"https:\/\/www.fibb.si\/hr\/o-materijalima\/","title":{"rendered":"O MATERIJALIMA"},"content":{"rendered":"<div id=\"cs-content\" class=\"cs-content\"><\/div>\n","protected":false},"excerpt":{"rendered":"<p>O MATERIJALIMAPE &#8211; POLIETILEN je najkorisniji i po kemijskoj strukturi najjednostavniji polimer. Ima vrlo \u0161irok spektar primjene i mo\u017ee se obraditi gotovo svim poznatim tehnikama. PE regranulat dostupan je pod robnom markom FIBBTENs u sva tri osnovna tipa s razli\u010ditim svojstvima i primjenom: LDPE (polietilen niske gusto\u0107e) &#8211; Plasti\u010dni materijal s dobrom kemijskom otporno\u0161\u0107u, fleksibilan, s dobrim izolacijskim svojstvima, pogodan &#8230; <a href=\"https:\/\/www.fibb.si\/hr\/o-materijalima\/\" class=\"more-link\">Read More<\/a><\/p>\n","protected":false},"author":2,"featured_media":0,"parent":0,"menu_order":0,"comment_status":"closed","ping_status":"closed","template":"template-blank-4.php","meta":{"om_disable_all_campaigns":false,"_monsterinsights_skip_tracking":false,"_monsterinsights_sitenote_active":false,"_monsterinsights_sitenote_note":"","_monsterinsights_sitenote_category":0,"footnotes":""},"class_list":["post-2560","page","type-page","status-publish","hentry","no-post-thumbnail"],"aioseo_notices":[],"_links":{"self":[{"href":"https:\/\/www.fibb.si\/hr\/wp-json\/wp\/v2\/pages\/2560","targetHints":{"allow":["GET"]}}],"collection":[{"href":"https:\/\/www.fibb.si\/hr\/wp-json\/wp\/v2\/pages"}],"about":[{"href":"https:\/\/www.fibb.si\/hr\/wp-json\/wp\/v2\/types\/page"}],"author":[{"embeddable":true,"href":"https:\/\/www.fibb.si\/hr\/wp-json\/wp\/v2\/users\/2"}],"replies":[{"embeddable":true,"href":"https:\/\/www.fibb.si\/hr\/wp-json\/wp\/v2\/comments?post=2560"}],"version-history":[{"count":7,"href":"https:\/\/www.fibb.si\/hr\/wp-json\/wp\/v2\/pages\/2560\/revisions"}],"predecessor-version":[{"id":2818,"href":"https:\/\/www.fibb.si\/hr\/wp-json\/wp\/v2\/pages\/2560\/revisions\/2818"}],"wp:attachment":[{"href":"https:\/\/www.fibb.si\/hr\/wp-json\/wp\/v2\/media?parent=2560"}],"curies":[{"name":"wp","href":"https:\/\/api.w.org\/{rel}","templated":true}]}}