{"id":2570,"date":"2024-02-28T10:32:23","date_gmt":"2024-02-28T09:32:23","guid":{"rendered":"https:\/\/www.fibb.si\/pe-polietilen-regranulati-hr\/"},"modified":"2025-05-29T10:55:26","modified_gmt":"2025-05-29T08:55:26","slug":"pe-polietilenski-regranulati","status":"publish","type":"page","link":"https:\/\/www.fibb.si\/hr\/pe-polietilenski-regranulati\/","title":{"rendered":"PE polietilenski regranulati"},"content":{"rendered":"<div id=\"cs-content\" class=\"cs-content\"><\/div>\n","protected":false},"excerpt":{"rendered":"<p>PE \u2013 polietilenski regranulati je najkorisniji i kemijski najjednostavniji polimer. Ima vrlo \u0161iroku primjenu i mo\u017ee se obraditi gotovo svim poznatim tehnikama. Nudimo PE regranulat pod markom FIBBTENs u sve tri osnovne vrste s razli\u010ditim svojstvima i upotrebom: \u00a0vi\u0161e o materijalu\u00a0 Regranulat HDPE &#8211; Polietilen visoke gusto\u0107eUpotreba: ekstruzija MFI ( 190\u00baC; 5 kg ): 0,5 \u2013 1,0 g \/ 10 &#8230; <a href=\"https:\/\/www.fibb.si\/hr\/pe-polietilenski-regranulati\/\" class=\"more-link\">Read More<\/a><\/p>\n","protected":false},"author":2,"featured_media":0,"parent":0,"menu_order":0,"comment_status":"closed","ping_status":"closed","template":"template-blank-4.php","meta":{"om_disable_all_campaigns":false,"_monsterinsights_skip_tracking":false,"_monsterinsights_sitenote_active":false,"_monsterinsights_sitenote_note":"","_monsterinsights_sitenote_category":0,"footnotes":""},"class_list":["post-2570","page","type-page","status-publish","hentry","no-post-thumbnail"],"aioseo_notices":[],"_links":{"self":[{"href":"https:\/\/www.fibb.si\/hr\/wp-json\/wp\/v2\/pages\/2570","targetHints":{"allow":["GET"]}}],"collection":[{"href":"https:\/\/www.fibb.si\/hr\/wp-json\/wp\/v2\/pages"}],"about":[{"href":"https:\/\/www.fibb.si\/hr\/wp-json\/wp\/v2\/types\/page"}],"author":[{"embeddable":true,"href":"https:\/\/www.fibb.si\/hr\/wp-json\/wp\/v2\/users\/2"}],"replies":[{"embeddable":true,"href":"https:\/\/www.fibb.si\/hr\/wp-json\/wp\/v2\/comments?post=2570"}],"version-history":[{"count":7,"href":"https:\/\/www.fibb.si\/hr\/wp-json\/wp\/v2\/pages\/2570\/revisions"}],"predecessor-version":[{"id":3046,"href":"https:\/\/www.fibb.si\/hr\/wp-json\/wp\/v2\/pages\/2570\/revisions\/3046"}],"wp:attachment":[{"href":"https:\/\/www.fibb.si\/hr\/wp-json\/wp\/v2\/media?parent=2570"}],"curies":[{"name":"wp","href":"https:\/\/api.w.org\/{rel}","templated":true}]}}