{"id":2575,"date":"2024-02-28T10:54:41","date_gmt":"2024-02-28T09:54:41","guid":{"rendered":"https:\/\/www.fibb.si\/drugi-plasticni-materiali-hr\/"},"modified":"2025-05-29T10:53:27","modified_gmt":"2025-05-29T08:53:27","slug":"ostali-plasticni-materijali","status":"publish","type":"page","link":"https:\/\/www.fibb.si\/hr\/ostali-plasticni-materijali\/","title":{"rendered":"Ostali plasti\u010dni materijali"},"content":{"rendered":"<div id=\"cs-content\" class=\"cs-content\"><\/div>\n","protected":false},"excerpt":{"rendered":"<p>OSTALI PLASTI\u010cNI MATERIJALI\u00a0 Na\u0161 asortiman materijala uklju\u010duje i ostale plasti\u010dne materijale &#8211; tehni\u010dku plastiku u obliku granula ili meljevine: ABS, PS, PET, PVC, PA6, POM: vi\u0161e o materijalu\u00a0 Regranulat ABS Upotreba: ekstruzija (termoformiranje) MFI ( 230\u00baC; 2,16kg ): 7 &#8211; 9 g \/ 10 min CHARPY ( kJ\/m2 ): 44 Boja: crna \u00a0\u00a0 Regranulat HIPSUpotreba: ekstruzija (termoformiranje) MFI ( 200\u00baC; &#8230; <a href=\"https:\/\/www.fibb.si\/hr\/ostali-plasticni-materijali\/\" class=\"more-link\">Read More<\/a><\/p>\n","protected":false},"author":2,"featured_media":0,"parent":0,"menu_order":0,"comment_status":"closed","ping_status":"closed","template":"template-blank-4.php","meta":{"om_disable_all_campaigns":false,"_monsterinsights_skip_tracking":false,"_monsterinsights_sitenote_active":false,"_monsterinsights_sitenote_note":"","_monsterinsights_sitenote_category":0,"footnotes":""},"class_list":["post-2575","page","type-page","status-publish","hentry","no-post-thumbnail"],"aioseo_notices":[],"_links":{"self":[{"href":"https:\/\/www.fibb.si\/hr\/wp-json\/wp\/v2\/pages\/2575","targetHints":{"allow":["GET"]}}],"collection":[{"href":"https:\/\/www.fibb.si\/hr\/wp-json\/wp\/v2\/pages"}],"about":[{"href":"https:\/\/www.fibb.si\/hr\/wp-json\/wp\/v2\/types\/page"}],"author":[{"embeddable":true,"href":"https:\/\/www.fibb.si\/hr\/wp-json\/wp\/v2\/users\/2"}],"replies":[{"embeddable":true,"href":"https:\/\/www.fibb.si\/hr\/wp-json\/wp\/v2\/comments?post=2575"}],"version-history":[{"count":7,"href":"https:\/\/www.fibb.si\/hr\/wp-json\/wp\/v2\/pages\/2575\/revisions"}],"predecessor-version":[{"id":3047,"href":"https:\/\/www.fibb.si\/hr\/wp-json\/wp\/v2\/pages\/2575\/revisions\/3047"}],"wp:attachment":[{"href":"https:\/\/www.fibb.si\/hr\/wp-json\/wp\/v2\/media?parent=2575"}],"curies":[{"name":"wp","href":"https:\/\/api.w.org\/{rel}","templated":true}]}}