{"id":2586,"date":"2024-02-28T11:33:19","date_gmt":"2024-02-28T10:33:19","guid":{"rendered":"https:\/\/www.fibb.si\/fibbers-pp-vlakna-hr\/"},"modified":"2025-01-07T18:23:55","modified_gmt":"2025-01-07T17:23:55","slug":"fibbers-pp-vlakna","status":"publish","type":"page","link":"https:\/\/www.fibb.si\/hr\/fibbers-pp-vlakna\/","title":{"rendered":"FIBBERs PP vlakna"},"content":{"rendered":"<div id=\"cs-content\" class=\"cs-content\"><\/div>\n","protected":false},"excerpt":{"rendered":"<p>FIBBERs polipropilenska vlakna za mikroarmiranje betonaPrednosti FIBBERs vlakana: \u0161irok raspon primjenasmanjenje pukotina i mikropora u betonu i mortusmanjenje modula elasti\u010dnosti (beton je elasti\u010dniji)smanjenje rizika od segregacije i krvarenja betonasmanjenje propusnosti betonasmanjenje potrebnog broja dilatacijskih spojnicapove\u0107anje tla\u010dne, savojne i vla\u010dne \u010dvrsto\u0107e betonapove\u0107anje \u017eilavosti, otpornosti na udarce, hladno\u0107u, trenje i abrazijupove\u0107anje otpornosti na ve\u0107inu kiselina i lu\u017eina (otpornost na koroziju)jednostavno doziranje u &#8230; <a href=\"https:\/\/www.fibb.si\/hr\/fibbers-pp-vlakna\/\" class=\"more-link\">Read More<\/a><\/p>\n","protected":false},"author":2,"featured_media":3070,"parent":0,"menu_order":0,"comment_status":"closed","ping_status":"closed","template":"template-blank-4.php","meta":{"om_disable_all_campaigns":false,"_monsterinsights_skip_tracking":false,"_monsterinsights_sitenote_active":false,"_monsterinsights_sitenote_note":"","_monsterinsights_sitenote_category":0,"footnotes":""},"class_list":["post-2586","page","type-page","status-publish","has-post-thumbnail","hentry"],"aioseo_notices":[],"_links":{"self":[{"href":"https:\/\/www.fibb.si\/hr\/wp-json\/wp\/v2\/pages\/2586","targetHints":{"allow":["GET"]}}],"collection":[{"href":"https:\/\/www.fibb.si\/hr\/wp-json\/wp\/v2\/pages"}],"about":[{"href":"https:\/\/www.fibb.si\/hr\/wp-json\/wp\/v2\/types\/page"}],"author":[{"embeddable":true,"href":"https:\/\/www.fibb.si\/hr\/wp-json\/wp\/v2\/users\/2"}],"replies":[{"embeddable":true,"href":"https:\/\/www.fibb.si\/hr\/wp-json\/wp\/v2\/comments?post=2586"}],"version-history":[{"count":4,"href":"https:\/\/www.fibb.si\/hr\/wp-json\/wp\/v2\/pages\/2586\/revisions"}],"predecessor-version":[{"id":2662,"href":"https:\/\/www.fibb.si\/hr\/wp-json\/wp\/v2\/pages\/2586\/revisions\/2662"}],"wp:featuredmedia":[{"embeddable":true,"href":"https:\/\/www.fibb.si\/hr\/wp-json\/wp\/v2\/media\/3070"}],"wp:attachment":[{"href":"https:\/\/www.fibb.si\/hr\/wp-json\/wp\/v2\/media?parent=2586"}],"curies":[{"name":"wp","href":"https:\/\/api.w.org\/{rel}","templated":true}]}}