{"id":2605,"date":"2024-02-28T12:03:38","date_gmt":"2024-02-28T11:03:38","guid":{"rendered":"https:\/\/www.fibb.si\/odkup-hr\/"},"modified":"2025-01-07T18:27:00","modified_gmt":"2025-01-07T17:27:00","slug":"otkup","status":"publish","type":"page","link":"https:\/\/www.fibb.si\/hr\/otkup\/","title":{"rendered":"OTKUP"},"content":{"rendered":"<div id=\"cs-content\" class=\"cs-content\"><\/div>\n","protected":false},"excerpt":{"rendered":"<p>OTKUP PLASTIKEMi kupujemo PP HDPE LDPE PVC PA6 ABS, PS, POM i ostali tehni\u010dki materijali Otkupljujemo samo \u010disti otpad \u2013 bez prljav\u0161tine i drugih ne\u010disto\u0107a. UPIT ZA OTKUPUred: Kolodvorska 2, 1290 Grosuplje, SlovenijaKONTAKT M: +386 51 341 067 (Bla\u017e) M: +386 41 292 217 (Franc) F: +386 1 78 65 992 E: info@fibb.si PRATITE NAS<\/p>\n","protected":false},"author":2,"featured_media":0,"parent":0,"menu_order":0,"comment_status":"closed","ping_status":"closed","template":"template-blank-4.php","meta":{"om_disable_all_campaigns":false,"_monsterinsights_skip_tracking":false,"_monsterinsights_sitenote_active":false,"_monsterinsights_sitenote_note":"","_monsterinsights_sitenote_category":0,"footnotes":""},"class_list":["post-2605","page","type-page","status-publish","hentry","no-post-thumbnail"],"aioseo_notices":[],"_links":{"self":[{"href":"https:\/\/www.fibb.si\/hr\/wp-json\/wp\/v2\/pages\/2605","targetHints":{"allow":["GET"]}}],"collection":[{"href":"https:\/\/www.fibb.si\/hr\/wp-json\/wp\/v2\/pages"}],"about":[{"href":"https:\/\/www.fibb.si\/hr\/wp-json\/wp\/v2\/types\/page"}],"author":[{"embeddable":true,"href":"https:\/\/www.fibb.si\/hr\/wp-json\/wp\/v2\/users\/2"}],"replies":[{"embeddable":true,"href":"https:\/\/www.fibb.si\/hr\/wp-json\/wp\/v2\/comments?post=2605"}],"version-history":[{"count":8,"href":"https:\/\/www.fibb.si\/hr\/wp-json\/wp\/v2\/pages\/2605\/revisions"}],"predecessor-version":[{"id":2701,"href":"https:\/\/www.fibb.si\/hr\/wp-json\/wp\/v2\/pages\/2605\/revisions\/2701"}],"wp:attachment":[{"href":"https:\/\/www.fibb.si\/hr\/wp-json\/wp\/v2\/media?parent=2605"}],"curies":[{"name":"wp","href":"https:\/\/api.w.org\/{rel}","templated":true}]}}