{"id":2611,"date":"2024-02-28T12:07:04","date_gmt":"2024-02-28T11:07:04","guid":{"rendered":"https:\/\/www.fibb.si\/domov-hr\/"},"modified":"2025-01-07T17:07:37","modified_gmt":"2025-01-07T16:07:37","slug":"naslovnica","status":"publish","type":"page","link":"https:\/\/www.fibb.si\/hr\/","title":{"rendered":"NASLOVICA"},"content":{"rendered":"<div id=\"cs-content\" class=\"cs-content\"><\/div>\n","protected":false},"excerpt":{"rendered":"<p>NA\u0160A PONUDARECIKLA\u017dA PLASTIKEFIBBTENsPLATNA ZA SKELEFIBBNETsPP VLAKNAFIBBERsAMBALA\u017dAFIBBPACKsPOTRA\u017dNJA ZA PROIZVODIMAGDJE NAS MO\u017dETE PRONA\u0106IVeselimo se po va\u0161om upitu \u00a0 KONTAKTIRAJTE NASUred: Kolodvorska 2, 1290 Grosuplje, SlovenijaKONTAKT M: +386 51 341 067 (Bla\u017e) M: +386 41 292 217 (Franc) F: +386 1 78 65 992 E: info@fibb.si PRATITE NAS<\/p>\n","protected":false},"author":2,"featured_media":3021,"parent":0,"menu_order":0,"comment_status":"closed","ping_status":"closed","template":"template-blank-4.php","meta":{"om_disable_all_campaigns":false,"_monsterinsights_skip_tracking":false,"_monsterinsights_sitenote_active":false,"_monsterinsights_sitenote_note":"","_monsterinsights_sitenote_category":0,"footnotes":""},"class_list":["post-2611","page","type-page","status-publish","has-post-thumbnail","hentry"],"aioseo_notices":[],"_links":{"self":[{"href":"https:\/\/www.fibb.si\/hr\/wp-json\/wp\/v2\/pages\/2611","targetHints":{"allow":["GET"]}}],"collection":[{"href":"https:\/\/www.fibb.si\/hr\/wp-json\/wp\/v2\/pages"}],"about":[{"href":"https:\/\/www.fibb.si\/hr\/wp-json\/wp\/v2\/types\/page"}],"author":[{"embeddable":true,"href":"https:\/\/www.fibb.si\/hr\/wp-json\/wp\/v2\/users\/2"}],"replies":[{"embeddable":true,"href":"https:\/\/www.fibb.si\/hr\/wp-json\/wp\/v2\/comments?post=2611"}],"version-history":[{"count":14,"href":"https:\/\/www.fibb.si\/hr\/wp-json\/wp\/v2\/pages\/2611\/revisions"}],"predecessor-version":[{"id":2652,"href":"https:\/\/www.fibb.si\/hr\/wp-json\/wp\/v2\/pages\/2611\/revisions\/2652"}],"wp:featuredmedia":[{"embeddable":true,"href":"https:\/\/www.fibb.si\/hr\/wp-json\/wp\/v2\/media\/3021"}],"wp:attachment":[{"href":"https:\/\/www.fibb.si\/hr\/wp-json\/wp\/v2\/media?parent=2611"}],"curies":[{"name":"wp","href":"https:\/\/api.w.org\/{rel}","templated":true}]}}