{"id":2663,"date":"2024-02-28T14:53:41","date_gmt":"2024-02-28T13:53:41","guid":{"rendered":"https:\/\/www.fibb.si\/kontakt-hrvaski\/"},"modified":"2024-03-06T13:25:05","modified_gmt":"2024-03-06T12:25:05","slug":"kontakt-2","status":"publish","type":"page","link":"https:\/\/www.fibb.si\/hr\/kontakt-2\/","title":{"rendered":"Kontakt (Hrva\u0161ki)"},"content":{"rendered":"<div id=\"cs-content\" class=\"cs-content\"><\/div>\n","protected":false},"excerpt":{"rendered":"<p>FIBB sistemi, d.o.o., Velika Stara vas 13B, 1290 Grosuplje, Slovenia Dav\u010dna \u0161t.: SI82089787, Mati\u010dna \u0161t: 6464386000 Kancelarija: Kolodvorska 2, 1290 Grosuplje, Slovenija Bla\u017e Glavi\u010d direktor E-Mail: info@fibb.si Mob: +386 51 341 067 Franc Glavi\u010d vlastnik E-Mail: info@fibb.si Mob: +386 41 292 217 Url KONTAKTNI OBRAZAC Ime * Email * poruka * Slanjem obrazca pristajete na kori\u0161tenje Va\u0161ih osobnih podataka.<\/p>\n","protected":false},"author":2,"featured_media":0,"parent":0,"menu_order":0,"comment_status":"closed","ping_status":"closed","template":"template-blank-4.php","meta":{"om_disable_all_campaigns":false,"_monsterinsights_skip_tracking":false,"_monsterinsights_sitenote_active":false,"_monsterinsights_sitenote_note":"","_monsterinsights_sitenote_category":0,"footnotes":""},"class_list":["post-2663","page","type-page","status-publish","hentry","no-post-thumbnail"],"aioseo_notices":[],"_links":{"self":[{"href":"https:\/\/www.fibb.si\/hr\/wp-json\/wp\/v2\/pages\/2663","targetHints":{"allow":["GET"]}}],"collection":[{"href":"https:\/\/www.fibb.si\/hr\/wp-json\/wp\/v2\/pages"}],"about":[{"href":"https:\/\/www.fibb.si\/hr\/wp-json\/wp\/v2\/types\/page"}],"author":[{"embeddable":true,"href":"https:\/\/www.fibb.si\/hr\/wp-json\/wp\/v2\/users\/2"}],"replies":[{"embeddable":true,"href":"https:\/\/www.fibb.si\/hr\/wp-json\/wp\/v2\/comments?post=2663"}],"version-history":[{"count":4,"href":"https:\/\/www.fibb.si\/hr\/wp-json\/wp\/v2\/pages\/2663\/revisions"}],"predecessor-version":[{"id":2693,"href":"https:\/\/www.fibb.si\/hr\/wp-json\/wp\/v2\/pages\/2663\/revisions\/2693"}],"wp:attachment":[{"href":"https:\/\/www.fibb.si\/hr\/wp-json\/wp\/v2\/media?parent=2663"}],"curies":[{"name":"wp","href":"https:\/\/api.w.org\/{rel}","templated":true}]}}