{"id":2688,"date":"2024-02-28T15:09:58","date_gmt":"2024-02-28T14:09:58","guid":{"rendered":"https:\/\/www.fibb.si\/politika-zastite-osobnih-podataka-hrvaski\/"},"modified":"2024-02-28T15:13:13","modified_gmt":"2024-02-28T14:13:13","slug":"politika-zastite-osobnih-podataka","status":"publish","type":"page","link":"https:\/\/www.fibb.si\/hr\/politika-zastite-osobnih-podataka\/","title":{"rendered":"Politika za\u0161tite osobnih podataka"},"content":{"rendered":"<div id=\"cs-content\" class=\"cs-content\"><\/div>\n","protected":false},"excerpt":{"rendered":"<p>Operater ove web stranice je FIBB sistemi d.o.o., Velika Stara vas 13B, 1290 Grosuplje. U FIBB sistemima d.o.o. nastojimo po\u0161tovati va\u0161a prava na privatnost i za\u0161tititi va\u0161e osobne podatke koliko god je to mogu\u0107e. Kako bismo sprije\u010dili neovla\u0161teni pristup dobivenim podacima ili njihovo otkrivanje, odr\u017eali to\u010dnost osobnih podataka i osigurali njihovu primjerenu uporabu, u FIBB sistemi d.o.o. koristimo odgovaraju\u0107e tehni\u010dke &#8230; <a href=\"https:\/\/www.fibb.si\/hr\/politika-zastite-osobnih-podataka\/\" class=\"more-link\">Read More<\/a><\/p>\n","protected":false},"author":2,"featured_media":0,"parent":0,"menu_order":0,"comment_status":"closed","ping_status":"closed","template":"template-blank-1.php","meta":{"om_disable_all_campaigns":false,"_monsterinsights_skip_tracking":false,"_monsterinsights_sitenote_active":false,"_monsterinsights_sitenote_note":"","_monsterinsights_sitenote_category":0,"footnotes":""},"class_list":["post-2688","page","type-page","status-publish","hentry","no-post-thumbnail"],"aioseo_notices":[],"_links":{"self":[{"href":"https:\/\/www.fibb.si\/hr\/wp-json\/wp\/v2\/pages\/2688","targetHints":{"allow":["GET"]}}],"collection":[{"href":"https:\/\/www.fibb.si\/hr\/wp-json\/wp\/v2\/pages"}],"about":[{"href":"https:\/\/www.fibb.si\/hr\/wp-json\/wp\/v2\/types\/page"}],"author":[{"embeddable":true,"href":"https:\/\/www.fibb.si\/hr\/wp-json\/wp\/v2\/users\/2"}],"replies":[{"embeddable":true,"href":"https:\/\/www.fibb.si\/hr\/wp-json\/wp\/v2\/comments?post=2688"}],"version-history":[{"count":3,"href":"https:\/\/www.fibb.si\/hr\/wp-json\/wp\/v2\/pages\/2688\/revisions"}],"predecessor-version":[{"id":2691,"href":"https:\/\/www.fibb.si\/hr\/wp-json\/wp\/v2\/pages\/2688\/revisions\/2691"}],"wp:attachment":[{"href":"https:\/\/www.fibb.si\/hr\/wp-json\/wp\/v2\/media?parent=2688"}],"curies":[{"name":"wp","href":"https:\/\/api.w.org\/{rel}","templated":true}]}}