{"id":2726,"date":"2024-03-04T16:58:35","date_gmt":"2024-03-04T15:58:35","guid":{"rendered":"https:\/\/www.fibb.si\/splosni-pogoji-hrvaski\/"},"modified":"2024-03-04T17:08:30","modified_gmt":"2024-03-04T16:08:30","slug":"upci-uvjeti-poslovanja","status":"publish","type":"page","link":"https:\/\/www.fibb.si\/hr\/upci-uvjeti-poslovanja\/","title":{"rendered":"OP\u0106I UVJETI POSLOVANJA"},"content":{"rendered":"<div id=\"cs-content\" class=\"cs-content\"><\/div>\n","protected":false},"excerpt":{"rendered":"<p>OP\u0106I UVJETI POSLOVANJA &#8211; FIBB sistemi d.o.o. I. Podru\u010dje primjenjivosti Sljede\u0107i op\u0107i uvjeti poslovanja vrijede za sve isporuke i usluge FIBB sistemi d.o.o. kao prodava\u010d. Potpisivanjem ugovora ili prihva\u0107anjem bez prigovora na iste, odnosno u slu\u010daju da nije sklopljen pisani ugovor, prihva\u0107anjem robe ili usluga bez prigovora na iste (priznanje ugovora), suugovaratelj ih priznaje i za mogu\u0107e daljnje poslovanje izme\u0111u &#8230; <a href=\"https:\/\/www.fibb.si\/hr\/upci-uvjeti-poslovanja\/\" class=\"more-link\">Read More<\/a><\/p>\n","protected":false},"author":2,"featured_media":0,"parent":0,"menu_order":0,"comment_status":"closed","ping_status":"closed","template":"template-blank-1.php","meta":{"om_disable_all_campaigns":false,"_monsterinsights_skip_tracking":false,"_monsterinsights_sitenote_active":false,"_monsterinsights_sitenote_note":"","_monsterinsights_sitenote_category":0,"footnotes":""},"class_list":["post-2726","page","type-page","status-publish","hentry","no-post-thumbnail"],"aioseo_notices":[],"_links":{"self":[{"href":"https:\/\/www.fibb.si\/hr\/wp-json\/wp\/v2\/pages\/2726","targetHints":{"allow":["GET"]}}],"collection":[{"href":"https:\/\/www.fibb.si\/hr\/wp-json\/wp\/v2\/pages"}],"about":[{"href":"https:\/\/www.fibb.si\/hr\/wp-json\/wp\/v2\/types\/page"}],"author":[{"embeddable":true,"href":"https:\/\/www.fibb.si\/hr\/wp-json\/wp\/v2\/users\/2"}],"replies":[{"embeddable":true,"href":"https:\/\/www.fibb.si\/hr\/wp-json\/wp\/v2\/comments?post=2726"}],"version-history":[{"count":5,"href":"https:\/\/www.fibb.si\/hr\/wp-json\/wp\/v2\/pages\/2726\/revisions"}],"predecessor-version":[{"id":2731,"href":"https:\/\/www.fibb.si\/hr\/wp-json\/wp\/v2\/pages\/2726\/revisions\/2731"}],"wp:attachment":[{"href":"https:\/\/www.fibb.si\/hr\/wp-json\/wp\/v2\/media?parent=2726"}],"curies":[{"name":"wp","href":"https:\/\/api.w.org\/{rel}","templated":true}]}}