{"id":2804,"date":"2024-03-06T13:42:49","date_gmt":"2024-03-06T12:42:49","guid":{"rendered":"https:\/\/www.fibb.si\/inquiry-hrvaski\/"},"modified":"2024-03-06T13:44:09","modified_gmt":"2024-03-06T12:44:09","slug":"upit","status":"publish","type":"page","link":"https:\/\/www.fibb.si\/hr\/upit\/","title":{"rendered":"UPIT"},"content":{"rendered":"<div id=\"cs-content\" class=\"cs-content\"><\/div>\n","protected":false},"excerpt":{"rendered":"<p>UPIT E-po\u0161ta Ime i Prezime * Dru\u0161tvo Email * Telefon Zanimam se za: FIBBTENs recikla\u017ea plastike FIBBNETs platna za skele FIBBERs PP vlakna FIBBPACKs ambala\u017ea Poruka Slanjem obrazca pristajete na kori\u0161tenje Va\u0161ih osobnih podataka B\u00fcro: Kolodvorska 2, 1290 Grosuplje, SlowenienKONTAKT M: +386 51 341 067 (Bla\u017e) M: +386 41 292 217 (Franc) F: +386 1 78 65 992 E: info@fibb.si &#8230; <a href=\"https:\/\/www.fibb.si\/hr\/upit\/\" class=\"more-link\">Read More<\/a><\/p>\n","protected":false},"author":2,"featured_media":0,"parent":0,"menu_order":0,"comment_status":"closed","ping_status":"closed","template":"template-blank-4.php","meta":{"om_disable_all_campaigns":false,"_monsterinsights_skip_tracking":false,"_monsterinsights_sitenote_active":false,"_monsterinsights_sitenote_note":"","_monsterinsights_sitenote_category":0,"footnotes":""},"class_list":["post-2804","page","type-page","status-publish","hentry","no-post-thumbnail"],"aioseo_notices":[],"_links":{"self":[{"href":"https:\/\/www.fibb.si\/hr\/wp-json\/wp\/v2\/pages\/2804","targetHints":{"allow":["GET"]}}],"collection":[{"href":"https:\/\/www.fibb.si\/hr\/wp-json\/wp\/v2\/pages"}],"about":[{"href":"https:\/\/www.fibb.si\/hr\/wp-json\/wp\/v2\/types\/page"}],"author":[{"embeddable":true,"href":"https:\/\/www.fibb.si\/hr\/wp-json\/wp\/v2\/users\/2"}],"replies":[{"embeddable":true,"href":"https:\/\/www.fibb.si\/hr\/wp-json\/wp\/v2\/comments?post=2804"}],"version-history":[{"count":5,"href":"https:\/\/www.fibb.si\/hr\/wp-json\/wp\/v2\/pages\/2804\/revisions"}],"predecessor-version":[{"id":2812,"href":"https:\/\/www.fibb.si\/hr\/wp-json\/wp\/v2\/pages\/2804\/revisions\/2812"}],"wp:attachment":[{"href":"https:\/\/www.fibb.si\/hr\/wp-json\/wp\/v2\/media?parent=2804"}],"curies":[{"name":"wp","href":"https:\/\/api.w.org\/{rel}","templated":true}]}}